{"id":373,"date":"2024-05-29T21:34:32","date_gmt":"2024-05-29T21:34:32","guid":{"rendered":"https:\/\/themerain.com\/demo\/etc\/?page_id=373"},"modified":"2025-01-10T12:01:50","modified_gmt":"2025-01-10T09:01:50","slug":"about-hybrid-community","status":"publish","type":"page","link":"https:\/\/thehybrid.org\/?page_id=373","title":{"rendered":"Who We Are"},"content":{"rendered":"\n<div class=\"wp-block-columns has-2-columns is-layout-flex wp-container-core-columns-is-layout-9d6595d7 wp-block-columns-is-layout-flex\">\n<div class=\"wp-block-column is-layout-flow wp-block-column-is-layout-flow\">\n<h6 class=\"wp-block-heading\">We are HYBRID COMMUNITY<\/h6>\n\n\n\n<p>Hybrid is a strategic partner and an idea community rather than an agency. Our team which consists of professionals with marketing, sales, communication and design background, is highly flexible depending on the project. <br><br>Hybrid is working with many national\/international enterprises. Hybrid loves to pair up different enterprises and establish lasting&amp;healthy relationships in order to create new collaborations and outstanding projects.<\/p>\n\n\n\n<div class=\"wp-block-buttons is-layout-flex wp-block-buttons-is-layout-flex\">\n<div class=\"wp-block-button has-custom-width wp-block-button__width-50 has-custom-font-size has-small-font-size\" style=\"text-transform:uppercase\"><a class=\"wp-block-button__link wp-element-button\" href=\"https:\/\/thehybrid.org\/?page_id=586\">Discover Our Services<\/a><\/div>\n<\/div>\n\n\n\n<div style=\"height:50px\" aria-hidden=\"true\" class=\"wp-block-spacer\"><\/div>\n\n\n\n<h6 class=\"wp-block-heading\">OUR COMMUNITY<\/h6>\n\n\n\n<figure class=\"wp-block-gallery has-nested-images columns-4 wp-block-gallery-1 is-layout-flex wp-block-gallery-is-layout-flex\">\n<figure class=\"wp-block-image size-full\"><img loading=\"lazy\" decoding=\"async\" width=\"300\" height=\"200\" data-id=\"1067\" src=\"https:\/\/thehybrid.org\/wp-content\/uploads\/2024\/12\/0020_netflix-logo.png\" alt=\"\" class=\"wp-image-1067\"\/><\/figure>\n\n\n\n<figure class=\"wp-block-image size-full\"><img loading=\"lazy\" decoding=\"async\" width=\"300\" height=\"200\" data-id=\"1066\" src=\"https:\/\/thehybrid.org\/wp-content\/uploads\/2024\/12\/0019_coca-cola-logo.png\" alt=\"\" class=\"wp-image-1066\"\/><\/figure>\n\n\n\n<figure class=\"wp-block-image size-large\"><img loading=\"lazy\" decoding=\"async\" width=\"300\" height=\"200\" data-id=\"1063\" src=\"https:\/\/thehybrid.org\/wp-content\/uploads\/2024\/12\/0016_Volvo-Logo.wine_.png\" alt=\"\" class=\"wp-image-1063\"\/><\/figure>\n\n\n\n<figure class=\"wp-block-image size-large\"><img loading=\"lazy\" decoding=\"async\" width=\"300\" height=\"200\" data-id=\"1062\" src=\"https:\/\/thehybrid.org\/wp-content\/uploads\/2024\/12\/0015_mey-diageo-logo.png\" alt=\"\" class=\"wp-image-1062\"\/><\/figure>\n\n\n\n<figure class=\"wp-block-image size-large\"><img loading=\"lazy\" decoding=\"async\" width=\"300\" height=\"200\" data-id=\"1061\" src=\"https:\/\/thehybrid.org\/wp-content\/uploads\/2024\/12\/0014_puma-logo.png\" alt=\"\" class=\"wp-image-1061\"\/><\/figure>\n\n\n\n<figure class=\"wp-block-image size-large\"><img loading=\"lazy\" decoding=\"async\" width=\"300\" height=\"200\" data-id=\"1053\" src=\"https:\/\/thehybrid.org\/wp-content\/uploads\/2024\/12\/0006_adidas-logo.png\" alt=\"\" class=\"wp-image-1053\"\/><\/figure>\n\n\n\n<figure class=\"wp-block-image size-large\"><img loading=\"lazy\" decoding=\"async\" width=\"300\" height=\"200\" data-id=\"1064\" src=\"https:\/\/thehybrid.org\/wp-content\/uploads\/2024\/12\/0017_unilever-logo.png\" alt=\"\" class=\"wp-image-1064\"\/><\/figure>\n\n\n\n<figure class=\"wp-block-image size-large\"><img loading=\"lazy\" decoding=\"async\" width=\"300\" height=\"200\" data-id=\"1127\" src=\"https:\/\/thehybrid.org\/wp-content\/uploads\/2024\/12\/0025_akbank-logo.png\" alt=\"\" class=\"wp-image-1127\"\/><\/figure>\n\n\n\n<figure class=\"wp-block-image size-large\"><img loading=\"lazy\" decoding=\"async\" width=\"300\" height=\"200\" data-id=\"1128\" src=\"https:\/\/thehybrid.org\/wp-content\/uploads\/2024\/12\/0026_yapi-kredi-logo.png\" alt=\"\" class=\"wp-image-1128\"\/><\/figure>\n\n\n\n<figure class=\"wp-block-image size-large\"><img loading=\"lazy\" decoding=\"async\" width=\"300\" height=\"200\" data-id=\"1047\" src=\"https:\/\/thehybrid.org\/wp-content\/uploads\/2024\/12\/0000_garanti-bbva-logo.png\" alt=\"\" class=\"wp-image-1047\"\/><\/figure>\n\n\n\n<figure class=\"wp-block-image size-large\"><img loading=\"lazy\" decoding=\"async\" width=\"300\" height=\"200\" data-id=\"1059\" src=\"https:\/\/thehybrid.org\/wp-content\/uploads\/2024\/12\/0012_sirha-omnivore-logo.png\" alt=\"\" class=\"wp-image-1059\"\/><\/figure>\n\n\n\n<figure class=\"wp-block-image size-large\"><img loading=\"lazy\" decoding=\"async\" width=\"300\" height=\"200\" data-id=\"1132\" src=\"https:\/\/thehybrid.org\/wp-content\/uploads\/2024\/12\/0030_starbucks-logo.png\" alt=\"\" class=\"wp-image-1132\"\/><\/figure>\n\n\n\n<figure class=\"wp-block-image size-large\"><img loading=\"lazy\" decoding=\"async\" width=\"300\" height=\"200\" data-id=\"1057\" src=\"https:\/\/thehybrid.org\/wp-content\/uploads\/2024\/12\/0010_schweppes-logo.png\" alt=\"\" class=\"wp-image-1057\"\/><\/figure>\n\n\n\n<figure class=\"wp-block-image size-large\"><img loading=\"lazy\" decoding=\"async\" width=\"300\" height=\"200\" data-id=\"1126\" src=\"https:\/\/thehybrid.org\/wp-content\/uploads\/2024\/12\/0024_fliyingtiger-logo.png\" alt=\"\" class=\"wp-image-1126\"\/><\/figure>\n\n\n\n<figure class=\"wp-block-image size-large\"><img loading=\"lazy\" decoding=\"async\" width=\"300\" height=\"200\" data-id=\"1129\" src=\"https:\/\/thehybrid.org\/wp-content\/uploads\/2024\/12\/0027_magnet-logo.png\" alt=\"\" class=\"wp-image-1129\"\/><\/figure>\n\n\n\n<figure class=\"wp-block-image size-large\"><img loading=\"lazy\" decoding=\"async\" width=\"300\" height=\"200\" data-id=\"1134\" src=\"https:\/\/thehybrid.org\/wp-content\/uploads\/2024\/12\/0032_zorlu-psm-logo.png\" alt=\"\" class=\"wp-image-1134\"\/><\/figure>\n\n\n\n<figure class=\"wp-block-image size-large\"><img loading=\"lazy\" decoding=\"async\" width=\"300\" height=\"200\" data-id=\"1131\" src=\"https:\/\/thehybrid.org\/wp-content\/uploads\/2024\/12\/0029_zorlu-logo.png\" alt=\"\" class=\"wp-image-1131\"\/><\/figure>\n\n\n\n<figure class=\"wp-block-image size-large\"><img loading=\"lazy\" decoding=\"async\" width=\"300\" height=\"200\" data-id=\"1122\" src=\"https:\/\/thehybrid.org\/wp-content\/uploads\/2024\/12\/0021_iksv-logo.png\" alt=\"\" class=\"wp-image-1122\"\/><\/figure>\n\n\n\n<figure class=\"wp-block-image size-large\"><img loading=\"lazy\" decoding=\"async\" width=\"300\" height=\"200\" data-id=\"1133\" src=\"https:\/\/thehybrid.org\/wp-content\/uploads\/2024\/12\/0031_saatsaat-logo.png\" alt=\"\" class=\"wp-image-1133\"\/><\/figure>\n\n\n\n<figure class=\"wp-block-image size-large\"><img loading=\"lazy\" decoding=\"async\" width=\"300\" height=\"200\" data-id=\"1060\" src=\"https:\/\/thehybrid.org\/wp-content\/uploads\/2024\/12\/0013_ci-logo.png\" alt=\"\" class=\"wp-image-1060\"\/><\/figure>\n\n\n\n<figure class=\"wp-block-image size-large\"><img loading=\"lazy\" decoding=\"async\" width=\"300\" height=\"200\" data-id=\"1135\" src=\"https:\/\/thehybrid.org\/wp-content\/uploads\/2024\/12\/0033_hm-logo.png\" alt=\"\" class=\"wp-image-1135\"\/><\/figure>\n\n\n\n<figure class=\"wp-block-image size-large\"><img loading=\"lazy\" decoding=\"async\" width=\"300\" height=\"200\" data-id=\"1124\" src=\"https:\/\/thehybrid.org\/wp-content\/uploads\/2024\/12\/0022_koc-holding-logo.png\" alt=\"\" class=\"wp-image-1124\"\/><\/figure>\n\n\n\n<figure class=\"wp-block-image size-large\"><img loading=\"lazy\" decoding=\"async\" width=\"300\" height=\"200\" data-id=\"1130\" src=\"https:\/\/thehybrid.org\/wp-content\/uploads\/2024\/12\/0028_ulker-logo.png\" alt=\"\" class=\"wp-image-1130\"\/><\/figure>\n\n\n\n<figure class=\"wp-block-image size-large\"><img loading=\"lazy\" decoding=\"async\" width=\"300\" height=\"200\" data-id=\"1050\" src=\"https:\/\/thehybrid.org\/wp-content\/uploads\/2024\/12\/0003_gourme-logo.png\" alt=\"\" class=\"wp-image-1050\"\/><\/figure>\n\n\n\n<figure class=\"wp-block-image size-large\"><img loading=\"lazy\" decoding=\"async\" width=\"300\" height=\"200\" data-id=\"1049\" src=\"https:\/\/thehybrid.org\/wp-content\/uploads\/2024\/12\/0002_arcelik-logo.png\" alt=\"\" class=\"wp-image-1049\"\/><\/figure>\n\n\n\n<figure class=\"wp-block-image size-large\"><img loading=\"lazy\" decoding=\"async\" width=\"300\" height=\"200\" data-id=\"1125\" src=\"https:\/\/thehybrid.org\/wp-content\/uploads\/2024\/12\/0023_kagider-logo.png\" alt=\"\" class=\"wp-image-1125\"\/><\/figure>\n\n\n\n<figure class=\"wp-block-image size-large\"><img loading=\"lazy\" decoding=\"async\" width=\"300\" height=\"200\" data-id=\"1054\" src=\"https:\/\/thehybrid.org\/wp-content\/uploads\/2024\/12\/0007_24kitchen-logo.png\" alt=\"\" class=\"wp-image-1054\"\/><\/figure>\n\n\n\n<figure class=\"wp-block-image size-large\"><img loading=\"lazy\" decoding=\"async\" width=\"300\" height=\"200\" data-id=\"1123\" src=\"https:\/\/thehybrid.org\/wp-content\/uploads\/2024\/12\/0034_hero-baby-logo.png\" alt=\"\" class=\"wp-image-1123\"\/><\/figure>\n\n\n\n<figure class=\"wp-block-image size-large\"><img loading=\"lazy\" decoding=\"async\" width=\"300\" height=\"200\" data-id=\"1051\" src=\"https:\/\/thehybrid.org\/wp-content\/uploads\/2024\/12\/0004_hellmanns-logo.png\" alt=\"\" class=\"wp-image-1051\"\/><\/figure>\n\n\n\n<figure class=\"wp-block-image size-large\"><img loading=\"lazy\" decoding=\"async\" width=\"300\" height=\"200\" data-id=\"1048\" src=\"https:\/\/thehybrid.org\/wp-content\/uploads\/2024\/12\/0001_elidor-logo.png\" alt=\"\" class=\"wp-image-1048\"\/><\/figure>\n\n\n\n<figure class=\"wp-block-image size-large\"><img loading=\"lazy\" decoding=\"async\" width=\"300\" height=\"200\" data-id=\"1055\" src=\"https:\/\/thehybrid.org\/wp-content\/uploads\/2024\/12\/0008_yedi-istanbul-logo.png\" alt=\"\" class=\"wp-image-1055\"\/><\/figure>\n\n\n\n<figure class=\"wp-block-image size-large\"><img loading=\"lazy\" decoding=\"async\" width=\"300\" height=\"200\" data-id=\"1139\" src=\"https:\/\/thehybrid.org\/wp-content\/uploads\/2024\/12\/0035_minoa-logo.png\" alt=\"Minoa\" class=\"wp-image-1139\"\/><\/figure>\n<\/figure>\n<\/div>\n\n\n\n<div class=\"wp-block-column is-layout-flow wp-block-column-is-layout-flow\">\n<div class=\"wp-block-columns has-2-columns is-layout-flex wp-container-core-columns-is-layout-9d6595d7 wp-block-columns-is-layout-flex\">\n<div class=\"wp-block-column is-layout-flow wp-block-column-is-layout-flow\">\n<h6 class=\"wp-block-heading\">Services<\/h6>\n\n\n\n<p>Business Development<br>Brand Strategy<br>Trend Analysis<br>Social Engineering<br>Design &amp; Development<br>Communication &amp; PR<br>Events &amp; Networking<\/p>\n\n\n\n<div style=\"height:50px\" aria-hidden=\"true\" class=\"wp-block-spacer\"><\/div>\n\n\n\n<h6 class=\"wp-block-heading\">Contact<\/h6>\n\n\n\n<p>Hybrid Community HQ<br>Emirgan Mahallesi Hekim Ata Caddesi No 40 Sar\u0131yer \u0130stanbul<br><a href=\"tel:+905334382215\">+90 533 438 2215<br><\/a><a href=\"mailto:act@thehybrid.org\">act@thehybrid.org<\/a><\/p>\n<\/div>\n\n\n\n<div class=\"wp-block-column is-layout-flow wp-block-column-is-layout-flow\">\n<h6 class=\"wp-block-heading\">GLOBAL<\/h6>\n\n\n\n<p>Hybrid Greece<br>Frinis 38 Athens, GR<\/p>\n\n\n\n<p>Hybrid Bordum<br>G\u00fcm\u00fc\u015fl\u00fck, TR<\/p>\n\n\n\n<div style=\"height:50px\" aria-hidden=\"true\" class=\"wp-block-spacer\"><\/div>\n\n\n\n<h6 class=\"wp-block-heading\">Social<\/h6>\n\n\n\n<p><a href=\"https:\/\/www.instagram.com\/hybridcommunity\/\" target=\"_blank\" rel=\"noopener\">Instagram<\/a><br><a href=\"https:\/\/www.facebook.com\/TheHybridCommunity\/\" target=\"_blank\" rel=\"noopener\">Facebook<\/a><br><a href=\"https:\/\/www.linkedin.com\/company\/hybrid-community\/\" target=\"_blank\" rel=\"noopener\">Linkedin<\/a><br><a href=\"https:\/\/www.instagram.com\/societytobe\/\" target=\"_blank\" rel=\"noopener\">@societytobe<\/a><\/p>\n<\/div>\n<\/div>\n<\/div>\n<\/div>\n","protected":false},"excerpt":{"rendered":"<p>We are HYBRID COMMUNITY Hybrid is a strategic partner and an idea<\/p>\n","protected":false},"author":1,"featured_media":0,"parent":0,"menu_order":0,"comment_status":"closed","ping_status":"closed","template":"","meta":{"footnotes":""},"class_list":["post-373","page","type-page","status-publish","hentry"],"_links":{"self":[{"href":"https:\/\/thehybrid.org\/index.php?rest_route=\/wp\/v2\/pages\/373","targetHints":{"allow":["GET"]}}],"collection":[{"href":"https:\/\/thehybrid.org\/index.php?rest_route=\/wp\/v2\/pages"}],"about":[{"href":"https:\/\/thehybrid.org\/index.php?rest_route=\/wp\/v2\/types\/page"}],"author":[{"embeddable":true,"href":"https:\/\/thehybrid.org\/index.php?rest_route=\/wp\/v2\/users\/1"}],"replies":[{"embeddable":true,"href":"https:\/\/thehybrid.org\/index.php?rest_route=%2Fwp%2Fv2%2Fcomments&post=373"}],"version-history":[{"count":20,"href":"https:\/\/thehybrid.org\/index.php?rest_route=\/wp\/v2\/pages\/373\/revisions"}],"predecessor-version":[{"id":1147,"href":"https:\/\/thehybrid.org\/index.php?rest_route=\/wp\/v2\/pages\/373\/revisions\/1147"}],"wp:attachment":[{"href":"https:\/\/thehybrid.org\/index.php?rest_route=%2Fwp%2Fv2%2Fmedia&parent=373"}],"curies":[{"name":"wp","href":"https:\/\/api.w.org\/{rel}","templated":true}]}}